{"id":4586,"date":"2019-08-27T04:36:58","date_gmt":"2019-08-27T02:36:58","guid":{"rendered":"http:\/\/www.firenzecorp.com\/web\/?page_id=4586"},"modified":"2020-09-04T14:50:30","modified_gmt":"2020-09-04T12:50:30","slug":"productos","status":"publish","type":"page","link":"http:\/\/www.firenzecorp.com\/web\/productos-2\/productos\/","title":{"rendered":"MADERAS"},"content":{"rendered":"\t\t<div data-elementor-type=\"wp-page\" data-elementor-id=\"4586\" class=\"elementor elementor-4586\">\n\t\t\t\t\t\t<div class=\"elementor-inner\">\n\t\t\t\t<div class=\"elementor-section-wrap\">\n\t\t\t\t\t\t\t\t\t<section class=\"elementor-section elementor-top-section elementor-element elementor-element-b1481ef elementor-section-boxed elementor-section-height-default elementor-section-height-default\" data-id=\"b1481ef\" data-element_type=\"section\">\n\t\t\t\t\t\t<div class=\"elementor-container elementor-column-gap-default\">\n\t\t\t\t\t\t\t<div class=\"elementor-row\">\n\t\t\t\t\t<div class=\"elementor-column elementor-col-100 elementor-top-column elementor-element elementor-element-c4d4201\" data-id=\"c4d4201\" data-element_type=\"column\">\n\t\t\t<div class=\"elementor-column-wrap elementor-element-populated\">\n\t\t\t\t\t\t\t<div class=\"elementor-widget-wrap\">\n\t\t\t\t\t\t<div class=\"elementor-element elementor-element-31ddae8 elementor-widget elementor-widget-image\" data-id=\"31ddae8\" data-element_type=\"widget\" data-widget_type=\"image.default\">\n\t\t\t\t<div class=\"elementor-widget-container\">\n\t\t\t\t\t\t\t\t<div class=\"elementor-image\">\n\t\t\t\t\t\t\t\t\t\t\t\t<img width=\"2238\" height=\"1678\" src=\"http:\/\/www.firenzecorp.com\/web\/wp-content\/uploads\/2019\/12\/Sin-t\u00edtulo-2-1.jpg\" class=\"attachment-full size-full wp-image-5001\" alt=\"\" loading=\"lazy\" srcset=\"http:\/\/www.firenzecorp.com\/web\/wp-content\/uploads\/2019\/12\/Sin-t\u00edtulo-2-1.jpg 2238w, http:\/\/www.firenzecorp.com\/web\/wp-content\/uploads\/2019\/12\/Sin-t\u00edtulo-2-1-1536x1152.jpg 1536w, http:\/\/www.firenzecorp.com\/web\/wp-content\/uploads\/2019\/12\/Sin-t\u00edtulo-2-1-2048x1536.jpg 2048w, http:\/\/www.firenzecorp.com\/web\/wp-content\/uploads\/2019\/12\/Sin-t\u00edtulo-2-1-1024x768.jpg 1024w, http:\/\/www.firenzecorp.com\/web\/wp-content\/uploads\/2019\/12\/Sin-t\u00edtulo-2-1-1440x1080.jpg 1440w\" sizes=\"(max-width: 2238px) 100vw, 2238px\" \/>\t\t\t\t\t\t\t\t\t\t\t\t\t\t<\/div>\n\t\t\t\t\t\t<\/div>\n\t\t\t\t<\/div>\n\t\t\t\t\t\t<\/div>\n\t\t\t\t\t<\/div>\n\t\t<\/div>\n\t\t\t\t\t\t\t\t<\/div>\n\t\t\t\t\t<\/div>\n\t\t<\/section>\n\t\t\t\t<section class=\"elementor-section elementor-top-section elementor-element elementor-element-08e920f elementor-section-boxed elementor-section-height-default elementor-section-height-default\" data-id=\"08e920f\" data-element_type=\"section\">\n\t\t\t\t\t\t<div class=\"elementor-container elementor-column-gap-default\">\n\t\t\t\t\t\t\t<div class=\"elementor-row\">\n\t\t\t\t\t<div class=\"elementor-column elementor-col-100 elementor-top-column elementor-element elementor-element-c08f35c\" data-id=\"c08f35c\" data-element_type=\"column\">\n\t\t\t<div class=\"elementor-column-wrap elementor-element-populated\">\n\t\t\t\t\t\t\t<div class=\"elementor-widget-wrap\">\n\t\t\t\t\t\t<div class=\"elementor-element elementor-element-a9ff931 elementor-widget elementor-widget-spacer\" data-id=\"a9ff931\" data-element_type=\"widget\" data-widget_type=\"spacer.default\">\n\t\t\t\t<div class=\"elementor-widget-container\">\n\t\t\t\t\t<div class=\"elementor-spacer\">\n\t\t\t<div class=\"elementor-spacer-inner\"><\/div>\n\t\t<\/div>\n\t\t\t\t<\/div>\n\t\t\t\t<\/div>\n\t\t\t\t\t\t<\/div>\n\t\t\t\t\t<\/div>\n\t\t<\/div>\n\t\t\t\t\t\t\t\t<\/div>\n\t\t\t\t\t<\/div>\n\t\t<\/section>\n\t\t\t\t<section class=\"elementor-section elementor-top-section elementor-element elementor-element-bb42c2a elementor-section-boxed elementor-section-height-default elementor-section-height-default\" data-id=\"bb42c2a\" data-element_type=\"section\">\n\t\t\t\t\t\t<div class=\"elementor-container elementor-column-gap-default\">\n\t\t\t\t\t\t\t<div class=\"elementor-row\">\n\t\t\t\t\t<div class=\"elementor-column elementor-col-100 elementor-top-column elementor-element elementor-element-44ec5c3\" data-id=\"44ec5c3\" data-element_type=\"column\">\n\t\t\t<div class=\"elementor-column-wrap elementor-element-populated\">\n\t\t\t\t\t\t\t<div class=\"elementor-widget-wrap\">\n\t\t\t\t\t\t<div class=\"elementor-element elementor-element-1af019c elementor-widget elementor-widget-text-editor\" data-id=\"1af019c\" data-element_type=\"widget\" data-widget_type=\"text-editor.default\">\n\t\t\t\t<div class=\"elementor-widget-container\">\n\t\t\t\t\t\t\t\t<div class=\"elementor-text-editor elementor-clearfix\">\n\t\t\t\t<p style=\"margin: 0cm 0cm 12pt; background-image: initial; background-position: initial; background-size: initial; background-repeat: initial; background-attachment: initial; background-origin: initial; background-clip: initial; text-align: justify;\" align=\"center\"><span style=\"font-size: 14.5pt; font-family: 'Calibri Light', sans-serif;\">PRODUCTOS TIPO MADERAS:<\/span><\/p><p style=\"margin: 0cm 0cm 0.0001pt; background-image: initial; background-position: initial; background-size: initial; background-repeat: initial; background-attachment: initial; background-origin: initial; background-clip: initial; text-align: justify;\"><span style=\"font-size: 14.5pt; font-family: 'Calibri Light', sans-serif;\">Los productos tipo MADERAS son La mejor opci\u00f3n Ecol\u00f3gica y Clim\u00e1tica, previniendo el desgaste y Evitando los mantenimientos que conlleva la madera natural Aumentado la vida \u00fatil del producto. Los distintos formatos que encontraras te permitir\u00e1n el manejo y Dise\u00f1o Al momento del armado, rompiendo con el Paradigma de la instalaci\u00f3n tradicional. Dise\u00f1o similar A la madera rustica, trasmitiendo la calidez en los espacios Naturales, pero sin afectar el medio ambiente. Su dise\u00f1o Permite la instalaci\u00f3n m\u00e1s cercana entre las piezas y Generando la percepci\u00f3n de ambientes m\u00e1s amplios e Higi\u00e9nicos. La tecnolog\u00eda de Impresi\u00f3n Digital le confiere Al producto mayor nitidez y realismo en su acabado Logrando un alto grado de naturalidad.<\/span><\/p>\t\t\t\t\t<\/div>\n\t\t\t\t\t\t<\/div>\n\t\t\t\t<\/div>\n\t\t\t\t\t\t<\/div>\n\t\t\t\t\t<\/div>\n\t\t<\/div>\n\t\t\t\t\t\t\t\t<\/div>\n\t\t\t\t\t<\/div>\n\t\t<\/section>\n\t\t\t\t<section class=\"elementor-section elementor-top-section elementor-element elementor-element-b646f1e elementor-section-boxed elementor-section-height-default elementor-section-height-default\" data-id=\"b646f1e\" data-element_type=\"section\">\n\t\t\t\t\t\t<div class=\"elementor-container elementor-column-gap-default\">\n\t\t\t\t\t\t\t<div class=\"elementor-row\">\n\t\t\t\t\t<div class=\"elementor-column elementor-col-100 elementor-top-column elementor-element elementor-element-94347d9\" data-id=\"94347d9\" data-element_type=\"column\">\n\t\t\t<div class=\"elementor-column-wrap elementor-element-populated\">\n\t\t\t\t\t\t\t<div class=\"elementor-widget-wrap\">\n\t\t\t\t\t\t<div class=\"elementor-element elementor-element-d083c6c elementor-widget elementor-widget-spacer\" data-id=\"d083c6c\" data-element_type=\"widget\" data-widget_type=\"spacer.default\">\n\t\t\t\t<div class=\"elementor-widget-container\">\n\t\t\t\t\t<div class=\"elementor-spacer\">\n\t\t\t<div class=\"elementor-spacer-inner\"><\/div>\n\t\t<\/div>\n\t\t\t\t<\/div>\n\t\t\t\t<\/div>\n\t\t\t\t\t\t<\/div>\n\t\t\t\t\t<\/div>\n\t\t<\/div>\n\t\t\t\t\t\t\t\t<\/div>\n\t\t\t\t\t<\/div>\n\t\t<\/section>\n\t\t\t\t<section class=\"elementor-section elementor-top-section elementor-element elementor-element-5d70526 elementor-section-boxed elementor-section-height-default elementor-section-height-default\" data-id=\"5d70526\" data-element_type=\"section\">\n\t\t\t\t\t\t<div class=\"elementor-container elementor-column-gap-default\">\n\t\t\t\t\t\t\t<div class=\"elementor-row\">\n\t\t\t\t\t<div class=\"elementor-column elementor-col-100 elementor-top-column elementor-element elementor-element-4c923e2\" data-id=\"4c923e2\" data-element_type=\"column\">\n\t\t\t<div class=\"elementor-column-wrap elementor-element-populated\">\n\t\t\t\t\t\t\t<div class=\"elementor-widget-wrap\">\n\t\t\t\t\t\t<div class=\"elementor-element elementor-element-73e530c elementor-invisible elementor-widget elementor-widget-heading\" data-id=\"73e530c\" data-element_type=\"widget\" data-settings=\"{&quot;_animation&quot;:&quot;fadeIn&quot;}\" data-widget_type=\"heading.default\">\n\t\t\t\t<div class=\"elementor-widget-container\">\n\t\t\t<h2 class=\"elementor-heading-title elementor-size-medium\">ESQUEMA DE ARMADO<\/h2>\t\t<\/div>\n\t\t\t\t<\/div>\n\t\t\t\t\t\t<\/div>\n\t\t\t\t\t<\/div>\n\t\t<\/div>\n\t\t\t\t\t\t\t\t<\/div>\n\t\t\t\t\t<\/div>\n\t\t<\/section>\n\t\t\t\t<section class=\"elementor-section elementor-top-section elementor-element elementor-element-ca2e579 elementor-section-boxed elementor-section-height-default elementor-section-height-default\" data-id=\"ca2e579\" data-element_type=\"section\">\n\t\t\t\t\t\t<div class=\"elementor-container elementor-column-gap-default\">\n\t\t\t\t\t\t\t<div class=\"elementor-row\">\n\t\t\t\t\t<div class=\"elementor-column elementor-col-100 elementor-top-column elementor-element elementor-element-7bcc5a9\" data-id=\"7bcc5a9\" data-element_type=\"column\">\n\t\t\t<div class=\"elementor-column-wrap elementor-element-populated\">\n\t\t\t\t\t\t\t<div class=\"elementor-widget-wrap\">\n\t\t\t\t\t\t<div class=\"elementor-element elementor-element-b567e00 elementor-widget elementor-widget-spacer\" data-id=\"b567e00\" data-element_type=\"widget\" data-widget_type=\"spacer.default\">\n\t\t\t\t<div class=\"elementor-widget-container\">\n\t\t\t\t\t<div class=\"elementor-spacer\">\n\t\t\t<div class=\"elementor-spacer-inner\"><\/div>\n\t\t<\/div>\n\t\t\t\t<\/div>\n\t\t\t\t<\/div>\n\t\t\t\t\t\t<\/div>\n\t\t\t\t\t<\/div>\n\t\t<\/div>\n\t\t\t\t\t\t\t\t<\/div>\n\t\t\t\t\t<\/div>\n\t\t<\/section>\n\t\t\t\t<section class=\"elementor-section elementor-top-section elementor-element elementor-element-5211a7c elementor-section-boxed elementor-section-height-default elementor-section-height-default\" data-id=\"5211a7c\" data-element_type=\"section\">\n\t\t\t\t\t\t<div class=\"elementor-container elementor-column-gap-default\">\n\t\t\t\t\t\t\t<div class=\"elementor-row\">\n\t\t\t\t\t<div class=\"elementor-column elementor-col-100 elementor-top-column elementor-element elementor-element-c4ba75d\" data-id=\"c4ba75d\" data-element_type=\"column\">\n\t\t\t<div class=\"elementor-column-wrap elementor-element-populated\">\n\t\t\t\t\t\t\t<div class=\"elementor-widget-wrap\">\n\t\t\t\t\t\t<div class=\"elementor-element elementor-element-0515c32 elementor-invisible elementor-widget elementor-widget-image\" data-id=\"0515c32\" data-element_type=\"widget\" data-settings=\"{&quot;_animation&quot;:&quot;fadeIn&quot;}\" data-widget_type=\"image.default\">\n\t\t\t\t<div class=\"elementor-widget-container\">\n\t\t\t\t\t\t\t\t<div class=\"elementor-image\">\n\t\t\t\t\t\t\t\t\t\t\t\t<img width=\"2180\" height=\"1696\" src=\"http:\/\/www.firenzecorp.com\/web\/wp-content\/uploads\/2019\/11\/ESQUEMA-1.png\" class=\"attachment-full size-full wp-image-4918\" alt=\"\" loading=\"lazy\" srcset=\"http:\/\/www.firenzecorp.com\/web\/wp-content\/uploads\/2019\/11\/ESQUEMA-1.png 2180w, http:\/\/www.firenzecorp.com\/web\/wp-content\/uploads\/2019\/11\/ESQUEMA-1-1024x797.png 1024w, http:\/\/www.firenzecorp.com\/web\/wp-content\/uploads\/2019\/11\/ESQUEMA-1-1388x1080.png 1388w\" sizes=\"(max-width: 2180px) 100vw, 2180px\" \/>\t\t\t\t\t\t\t\t\t\t\t\t\t\t<\/div>\n\t\t\t\t\t\t<\/div>\n\t\t\t\t<\/div>\n\t\t\t\t\t\t<\/div>\n\t\t\t\t\t<\/div>\n\t\t<\/div>\n\t\t\t\t\t\t\t\t<\/div>\n\t\t\t\t\t<\/div>\n\t\t<\/section>\n\t\t\t\t<section class=\"elementor-section elementor-top-section elementor-element elementor-element-08dc95a elementor-section-boxed elementor-section-height-default elementor-section-height-default\" data-id=\"08dc95a\" data-element_type=\"section\">\n\t\t\t\t\t\t<div class=\"elementor-container elementor-column-gap-default\">\n\t\t\t\t\t\t\t<div class=\"elementor-row\">\n\t\t\t\t\t<div class=\"elementor-column elementor-col-100 elementor-top-column elementor-element elementor-element-4021aa9\" data-id=\"4021aa9\" data-element_type=\"column\">\n\t\t\t<div class=\"elementor-column-wrap elementor-element-populated\">\n\t\t\t\t\t\t\t<div class=\"elementor-widget-wrap\">\n\t\t\t\t\t\t<div class=\"elementor-element elementor-element-a0fa53d elementor-widget elementor-widget-spacer\" data-id=\"a0fa53d\" data-element_type=\"widget\" data-widget_type=\"spacer.default\">\n\t\t\t\t<div class=\"elementor-widget-container\">\n\t\t\t\t\t<div class=\"elementor-spacer\">\n\t\t\t<div class=\"elementor-spacer-inner\"><\/div>\n\t\t<\/div>\n\t\t\t\t<\/div>\n\t\t\t\t<\/div>\n\t\t\t\t\t\t<\/div>\n\t\t\t\t\t<\/div>\n\t\t<\/div>\n\t\t\t\t\t\t\t\t<\/div>\n\t\t\t\t\t<\/div>\n\t\t<\/section>\n\t\t\t\t<section class=\"elementor-section elementor-top-section elementor-element elementor-element-317f971 elementor-section-boxed elementor-section-height-default elementor-section-height-default\" data-id=\"317f971\" data-element_type=\"section\">\n\t\t\t\t\t\t<div class=\"elementor-container elementor-column-gap-default\">\n\t\t\t\t\t\t\t<div class=\"elementor-row\">\n\t\t\t\t\t<div class=\"elementor-column elementor-col-100 elementor-top-column elementor-element elementor-element-881e56a\" data-id=\"881e56a\" data-element_type=\"column\">\n\t\t\t<div class=\"elementor-column-wrap elementor-element-populated\">\n\t\t\t\t\t\t\t<div class=\"elementor-widget-wrap\">\n\t\t\t\t\t\t<div class=\"elementor-element elementor-element-8608b4e elementor-arrows-position-inside elementor-pagination-position-outside elementor-widget elementor-widget-image-carousel\" data-id=\"8608b4e\" data-element_type=\"widget\" data-settings=\"{&quot;slides_to_show&quot;:&quot;4&quot;,&quot;navigation&quot;:&quot;both&quot;,&quot;autoplay&quot;:&quot;yes&quot;,&quot;pause_on_hover&quot;:&quot;yes&quot;,&quot;pause_on_interaction&quot;:&quot;yes&quot;,&quot;autoplay_speed&quot;:5000,&quot;infinite&quot;:&quot;yes&quot;,&quot;speed&quot;:500}\" data-widget_type=\"image-carousel.default\">\n\t\t\t\t<div class=\"elementor-widget-container\">\n\t\t\t\t\t<div class=\"elementor-image-carousel-wrapper swiper-container\" dir=\"ltr\">\n\t\t\t<div class=\"elementor-image-carousel swiper-wrapper\">\n\t\t\t\t\t\t\t\t<div class=\"swiper-slide\"><figure class=\"swiper-slide-inner\"><img class=\"swiper-slide-image\" src=\"http:\/\/www.firenzecorp.com\/web\/wp-content\/uploads\/elementor\/thumbs\/ambiente-32-osoueu0w4o1txxhpnkj0ctfdiimrmk4nfw4wmxosts.jpg\" alt=\"ambiente-32.jpg\" \/><\/figure><\/div><div class=\"swiper-slide\"><figure class=\"swiper-slide-inner\"><img class=\"swiper-slide-image\" src=\"http:\/\/www.firenzecorp.com\/web\/wp-content\/uploads\/elementor\/thumbs\/ambiente-30-osoueq9jdbwonhn69iwi2udj4z5arrpq3diyptudio.jpg\" alt=\"ambiente-30.jpg\" \/><\/figure><\/div><div class=\"swiper-slide\"><figure class=\"swiper-slide-inner\"><img class=\"swiper-slide-image\" src=\"http:\/\/www.firenzecorp.com\/web\/wp-content\/uploads\/elementor\/thumbs\/ambiente-26-osoueoduznu409pwki38xuuly7ekcdi9f47zr9x5v4.jpg\" alt=\"ambiente-26.jpg\" \/><\/figure><\/div><div class=\"swiper-slide\"><figure class=\"swiper-slide-inner\"><img class=\"swiper-slide-image\" src=\"http:\/\/www.firenzecorp.com\/web\/wp-content\/uploads\/elementor\/thumbs\/ambiente-27-osoueoduznu409pwki38xuuly7ekcdi9f47zr9x5v4.jpg\" alt=\"ambiente-27.jpg\" \/><\/figure><\/div><div class=\"swiper-slide\"><figure class=\"swiper-slide-inner\"><img class=\"swiper-slide-image\" src=\"http:\/\/www.firenzecorp.com\/web\/wp-content\/uploads\/elementor\/thumbs\/ambiente-17-osno4xk6lgojyw50hpwv8v3sbbw4sya8v6ezqi87ao.jpg\" alt=\"ambiente-17.jpg\" \/><\/figure><\/div><div class=\"swiper-slide\"><figure class=\"swiper-slide-inner\"><img class=\"swiper-slide-image\" src=\"http:\/\/www.firenzecorp.com\/web\/wp-content\/uploads\/elementor\/thumbs\/ambiente-14-osno4voi7slzbo7qsp3m3vkv4k5edk2s6x40ryazn4.jpg\" alt=\"ambiente-14.jpg\" \/><\/figure><\/div><div class=\"swiper-slide\"><figure class=\"swiper-slide-inner\"><img class=\"swiper-slide-image\" src=\"http:\/\/www.firenzecorp.com\/web\/wp-content\/uploads\/elementor\/thumbs\/Sin-t\u00edtulo-2-1-ohold36qfw46fpj2rbpqcade64j2tszw08wkkv5jhs.jpg\" alt=\"Sin t\u00edtulo-2\" \/><\/figure><\/div><div class=\"swiper-slide\"><figure class=\"swiper-slide-inner\"><img class=\"swiper-slide-image\" src=\"http:\/\/www.firenzecorp.com\/web\/wp-content\/uploads\/elementor\/thumbs\/MADERAS-oswcl8nbgirmy5ce9v27ce4xm6ewytacp4t6708zcg.png\" alt=\"MADERAS\" \/><\/figure><\/div><div class=\"swiper-slide\"><figure class=\"swiper-slide-inner\"><img class=\"swiper-slide-image\" src=\"http:\/\/www.firenzecorp.com\/web\/wp-content\/uploads\/elementor\/thumbs\/cute-ambiente-ott8q1uzjieaesm7yeftp5s592fffeppm5s5fy3374.jpg\" alt=\"cute ambiente\" \/><\/figure><\/div><div class=\"swiper-slide\"><figure class=\"swiper-slide-inner\"><img class=\"swiper-slide-image\" src=\"http:\/\/www.firenzecorp.com\/web\/wp-content\/uploads\/elementor\/thumbs\/ALABAMA-AMBIENTE-ottafo63kiqzij4051bd5lzz6epo13c8r5e20ypzao.jpg\" alt=\"ALABAMA AMBIENTE\" \/><\/figure><\/div>\t\t\t<\/div>\n\t\t\t\t\t\t\t\t\t\t\t\t<div class=\"swiper-pagination\"><\/div>\n\t\t\t\t\t\t\t\t\t\t\t\t\t<div class=\"elementor-swiper-button elementor-swiper-button-prev\">\n\t\t\t\t\t\t<i aria-hidden=\"true\" class=\"eicon-chevron-left\"><\/i>\t\t\t\t\t\t<span class=\"elementor-screen-only\">Anterior<\/span>\n\t\t\t\t\t<\/div>\n\t\t\t\t\t<div class=\"elementor-swiper-button elementor-swiper-button-next\">\n\t\t\t\t\t\t<i aria-hidden=\"true\" class=\"eicon-chevron-right\"><\/i>\t\t\t\t\t\t<span class=\"elementor-screen-only\">Siguiente<\/span>\n\t\t\t\t\t<\/div>\n\t\t\t\t\t\t\t\t\t<\/div>\n\t\t\t\t<\/div>\n\t\t\t\t<\/div>\n\t\t\t\t\t\t<\/div>\n\t\t\t\t\t<\/div>\n\t\t<\/div>\n\t\t\t\t\t\t\t\t<\/div>\n\t\t\t\t\t<\/div>\n\t\t<\/section>\n\t\t\t\t<section class=\"elementor-section elementor-top-section elementor-element elementor-element-085ddb3 elementor-section-boxed elementor-section-height-default elementor-section-height-default\" data-id=\"085ddb3\" data-element_type=\"section\">\n\t\t\t\t\t\t<div class=\"elementor-container elementor-column-gap-default\">\n\t\t\t\t\t\t\t<div class=\"elementor-row\">\n\t\t\t\t\t<div class=\"elementor-column elementor-col-100 elementor-top-column elementor-element elementor-element-3386773\" data-id=\"3386773\" data-element_type=\"column\">\n\t\t\t<div class=\"elementor-column-wrap elementor-element-populated\">\n\t\t\t\t\t\t\t<div class=\"elementor-widget-wrap\">\n\t\t\t\t\t\t<div class=\"elementor-element elementor-element-2d3be22 elementor-widget elementor-widget-heading\" data-id=\"2d3be22\" data-element_type=\"widget\" data-widget_type=\"heading.default\">\n\t\t\t\t<div class=\"elementor-widget-container\">\n\t\t\t<h2 class=\"elementor-heading-title elementor-size-medium\">PORTAFOLIO<\/h2>\t\t<\/div>\n\t\t\t\t<\/div>\n\t\t\t\t\t\t<\/div>\n\t\t\t\t\t<\/div>\n\t\t<\/div>\n\t\t\t\t\t\t\t\t<\/div>\n\t\t\t\t\t<\/div>\n\t\t<\/section>\n\t\t\t\t<section class=\"elementor-section elementor-top-section elementor-element elementor-element-214b799 elementor-section-boxed elementor-section-height-default elementor-section-height-default\" data-id=\"214b799\" data-element_type=\"section\">\n\t\t\t\t\t\t<div class=\"elementor-container elementor-column-gap-default\">\n\t\t\t\t\t\t\t<div class=\"elementor-row\">\n\t\t\t\t\t<div class=\"elementor-column elementor-col-100 elementor-top-column elementor-element elementor-element-4a100e1\" data-id=\"4a100e1\" data-element_type=\"column\">\n\t\t\t<div class=\"elementor-column-wrap elementor-element-populated\">\n\t\t\t\t\t\t\t<div class=\"elementor-widget-wrap\">\n\t\t\t\t\t\t<div class=\"elementor-element elementor-element-eb32fd0 elementor-align-center elementor-widget elementor-widget-button\" data-id=\"eb32fd0\" data-element_type=\"widget\" data-widget_type=\"button.default\">\n\t\t\t\t<div class=\"elementor-widget-container\">\n\t\t\t\t\t<div class=\"elementor-button-wrapper\">\n\t\t\t<a href=\"#\" class=\"elementor-button-link elementor-button elementor-size-sm\" role=\"button\">\n\t\t\t\t\t\t<span class=\"elementor-button-content-wrapper\">\n\t\t\t\t\t\t<span class=\"elementor-button-text\">PRODUCTOS TIPO MADERA<\/span>\n\t\t<\/span>\n\t\t\t\t\t<\/a>\n\t\t<\/div>\n\t\t\t\t<\/div>\n\t\t\t\t<\/div>\n\t\t\t\t\t\t<\/div>\n\t\t\t\t\t<\/div>\n\t\t<\/div>\n\t\t\t\t\t\t\t\t<\/div>\n\t\t\t\t\t<\/div>\n\t\t<\/section>\n\t\t\t\t<section class=\"elementor-section elementor-top-section elementor-element elementor-element-2202b08 elementor-section-boxed elementor-section-height-default elementor-section-height-default\" data-id=\"2202b08\" data-element_type=\"section\">\n\t\t\t\t\t\t<div class=\"elementor-container elementor-column-gap-default\">\n\t\t\t\t\t\t\t<div class=\"elementor-row\">\n\t\t\t\t\t<div class=\"elementor-column elementor-col-100 elementor-top-column elementor-element elementor-element-400141a\" data-id=\"400141a\" data-element_type=\"column\">\n\t\t\t<div class=\"elementor-column-wrap\">\n\t\t\t\t\t\t\t<div class=\"elementor-widget-wrap\">\n\t\t\t\t\t\t\t\t<\/div>\n\t\t\t\t\t<\/div>\n\t\t<\/div>\n\t\t\t\t\t\t\t\t<\/div>\n\t\t\t\t\t<\/div>\n\t\t<\/section>\n\t\t\t\t\t\t\t\t\t<\/div>\n\t\t\t<\/div>\n\t\t\t\t\t<\/div>\n\t\t","protected":false},"excerpt":{"rendered":"<p>PRODUCTOS TIPO MADERAS: Los productos tipo MADERAS son La mejor opci\u00f3n Ecol\u00f3gica y Clim\u00e1tica, previniendo el desgaste y Evitando los mantenimientos que conlleva la madera natural Aumentado la vida \u00fatil del producto. Los distintos formatos que encontraras te permitir\u00e1n el manejo y Dise\u00f1o Al momento del armado, rompiendo con el Paradigma de la instalaci\u00f3n tradicional.&hellip; <br \/> <a class=\"read-more\" href=\"http:\/\/www.firenzecorp.com\/web\/productos-2\/productos\/\">Leer m\u00e1s<\/a><\/p>\n","protected":false},"author":2,"featured_media":0,"parent":4639,"menu_order":12,"comment_status":"closed","ping_status":"closed","template":"","meta":{"ngg_post_thumbnail":0},"_links":{"self":[{"href":"http:\/\/www.firenzecorp.com\/web\/wp-json\/wp\/v2\/pages\/4586"}],"collection":[{"href":"http:\/\/www.firenzecorp.com\/web\/wp-json\/wp\/v2\/pages"}],"about":[{"href":"http:\/\/www.firenzecorp.com\/web\/wp-json\/wp\/v2\/types\/page"}],"author":[{"embeddable":true,"href":"http:\/\/www.firenzecorp.com\/web\/wp-json\/wp\/v2\/users\/2"}],"replies":[{"embeddable":true,"href":"http:\/\/www.firenzecorp.com\/web\/wp-json\/wp\/v2\/comments?post=4586"}],"version-history":[{"count":30,"href":"http:\/\/www.firenzecorp.com\/web\/wp-json\/wp\/v2\/pages\/4586\/revisions"}],"predecessor-version":[{"id":6183,"href":"http:\/\/www.firenzecorp.com\/web\/wp-json\/wp\/v2\/pages\/4586\/revisions\/6183"}],"up":[{"embeddable":true,"href":"http:\/\/www.firenzecorp.com\/web\/wp-json\/wp\/v2\/pages\/4639"}],"wp:attachment":[{"href":"http:\/\/www.firenzecorp.com\/web\/wp-json\/wp\/v2\/media?parent=4586"}],"curies":[{"name":"wp","href":"https:\/\/api.w.org\/{rel}","templated":true}]}}