{"id":4833,"date":"2019-09-12T21:59:59","date_gmt":"2019-09-12T19:59:59","guid":{"rendered":"http:\/\/www.firenzecorp.com\/web\/?page_id=4833"},"modified":"2020-07-21T18:46:58","modified_gmt":"2020-07-21T16:46:58","slug":"fachadas","status":"publish","type":"page","link":"http:\/\/www.firenzecorp.com\/web\/revestimientos-2\/fachadas\/","title":{"rendered":"PAREDES"},"content":{"rendered":"\t\t<div data-elementor-type=\"wp-page\" data-elementor-id=\"4833\" class=\"elementor elementor-4833\">\n\t\t\t\t\t\t<div class=\"elementor-inner\">\n\t\t\t\t<div class=\"elementor-section-wrap\">\n\t\t\t\t\t\t\t\t\t<section class=\"elementor-section elementor-top-section elementor-element elementor-element-af0b3be elementor-section-boxed elementor-section-height-default elementor-section-height-default\" data-id=\"af0b3be\" data-element_type=\"section\">\n\t\t\t\t\t\t<div class=\"elementor-container elementor-column-gap-default\">\n\t\t\t\t\t\t\t<div class=\"elementor-row\">\n\t\t\t\t\t<div class=\"elementor-column elementor-col-100 elementor-top-column elementor-element elementor-element-65dcf57\" data-id=\"65dcf57\" data-element_type=\"column\">\n\t\t\t<div class=\"elementor-column-wrap elementor-element-populated\">\n\t\t\t\t\t\t\t<div class=\"elementor-widget-wrap\">\n\t\t\t\t\t\t<div class=\"elementor-element elementor-element-faead66 elementor-widget elementor-widget-image\" data-id=\"faead66\" data-element_type=\"widget\" data-widget_type=\"image.default\">\n\t\t\t\t<div class=\"elementor-widget-container\">\n\t\t\t\t\t\t\t\t<div class=\"elementor-image\">\n\t\t\t\t\t\t\t\t\t\t\t\t<img width=\"2552\" height=\"2552\" src=\"http:\/\/www.firenzecorp.com\/web\/wp-content\/uploads\/2020\/07\/ALL-WHITE-40X120.jpg\" class=\"attachment-full size-full wp-image-5075\" alt=\"\" loading=\"lazy\" srcset=\"http:\/\/www.firenzecorp.com\/web\/wp-content\/uploads\/2020\/07\/ALL-WHITE-40X120.jpg 2552w, http:\/\/www.firenzecorp.com\/web\/wp-content\/uploads\/2020\/07\/ALL-WHITE-40X120-300x300.jpg 300w, http:\/\/www.firenzecorp.com\/web\/wp-content\/uploads\/2020\/07\/ALL-WHITE-40X120-1024x1024.jpg 1024w, http:\/\/www.firenzecorp.com\/web\/wp-content\/uploads\/2020\/07\/ALL-WHITE-40X120-150x150.jpg 150w, http:\/\/www.firenzecorp.com\/web\/wp-content\/uploads\/2020\/07\/ALL-WHITE-40X120-768x768.jpg 768w, http:\/\/www.firenzecorp.com\/web\/wp-content\/uploads\/2020\/07\/ALL-WHITE-40X120-1536x1536.jpg 1536w, http:\/\/www.firenzecorp.com\/web\/wp-content\/uploads\/2020\/07\/ALL-WHITE-40X120-2048x2048.jpg 2048w, http:\/\/www.firenzecorp.com\/web\/wp-content\/uploads\/2020\/07\/ALL-WHITE-40X120-1080x1080.jpg 1080w\" sizes=\"(max-width: 2552px) 100vw, 2552px\" \/>\t\t\t\t\t\t\t\t\t\t\t\t\t\t<\/div>\n\t\t\t\t\t\t<\/div>\n\t\t\t\t<\/div>\n\t\t\t\t\t\t<\/div>\n\t\t\t\t\t<\/div>\n\t\t<\/div>\n\t\t\t\t\t\t\t\t<\/div>\n\t\t\t\t\t<\/div>\n\t\t<\/section>\n\t\t\t\t<section class=\"elementor-section elementor-top-section elementor-element elementor-element-169ebb9 elementor-section-boxed elementor-section-height-default elementor-section-height-default\" data-id=\"169ebb9\" data-element_type=\"section\">\n\t\t\t\t\t\t<div class=\"elementor-container elementor-column-gap-default\">\n\t\t\t\t\t\t\t<div class=\"elementor-row\">\n\t\t\t\t\t<div class=\"elementor-column elementor-col-100 elementor-top-column elementor-element elementor-element-80d9bc9\" data-id=\"80d9bc9\" data-element_type=\"column\">\n\t\t\t<div class=\"elementor-column-wrap elementor-element-populated\">\n\t\t\t\t\t\t\t<div class=\"elementor-widget-wrap\">\n\t\t\t\t\t\t<div class=\"elementor-element elementor-element-2e94cb7 elementor-widget elementor-widget-spacer\" data-id=\"2e94cb7\" data-element_type=\"widget\" data-widget_type=\"spacer.default\">\n\t\t\t\t<div class=\"elementor-widget-container\">\n\t\t\t\t\t<div class=\"elementor-spacer\">\n\t\t\t<div class=\"elementor-spacer-inner\"><\/div>\n\t\t<\/div>\n\t\t\t\t<\/div>\n\t\t\t\t<\/div>\n\t\t\t\t\t\t<\/div>\n\t\t\t\t\t<\/div>\n\t\t<\/div>\n\t\t\t\t\t\t\t\t<\/div>\n\t\t\t\t\t<\/div>\n\t\t<\/section>\n\t\t\t\t<section class=\"elementor-section elementor-top-section elementor-element elementor-element-d72aa8f elementor-section-boxed elementor-section-height-default elementor-section-height-default\" data-id=\"d72aa8f\" data-element_type=\"section\">\n\t\t\t\t\t\t<div class=\"elementor-container elementor-column-gap-default\">\n\t\t\t\t\t\t\t<div class=\"elementor-row\">\n\t\t\t\t\t<div class=\"elementor-column elementor-col-50 elementor-top-column elementor-element elementor-element-573ddf5\" data-id=\"573ddf5\" data-element_type=\"column\">\n\t\t\t<div class=\"elementor-column-wrap elementor-element-populated\">\n\t\t\t\t\t\t\t<div class=\"elementor-widget-wrap\">\n\t\t\t\t\t\t<div class=\"elementor-element elementor-element-ea195c4 elementor-widget elementor-widget-image\" data-id=\"ea195c4\" data-element_type=\"widget\" data-widget_type=\"image.default\">\n\t\t\t\t<div class=\"elementor-widget-container\">\n\t\t\t\t\t\t\t\t<div class=\"elementor-image\">\n\t\t\t\t\t\t\t\t\t\t\t\t<img width=\"300\" height=\"300\" src=\"http:\/\/www.firenzecorp.com\/web\/wp-content\/uploads\/2020\/07\/ambiente-43-300x300.jpg\" class=\"attachment-medium size-medium wp-image-5231\" alt=\"\" loading=\"lazy\" srcset=\"http:\/\/www.firenzecorp.com\/web\/wp-content\/uploads\/2020\/07\/ambiente-43-300x300.jpg 300w, http:\/\/www.firenzecorp.com\/web\/wp-content\/uploads\/2020\/07\/ambiente-43-150x150.jpg 150w, http:\/\/www.firenzecorp.com\/web\/wp-content\/uploads\/2020\/07\/ambiente-43-100x100.jpg 100w\" sizes=\"(max-width: 300px) 100vw, 300px\" \/>\t\t\t\t\t\t\t\t\t\t\t\t\t\t<\/div>\n\t\t\t\t\t\t<\/div>\n\t\t\t\t<\/div>\n\t\t\t\t\t\t<\/div>\n\t\t\t\t\t<\/div>\n\t\t<\/div>\n\t\t\t\t<div class=\"elementor-column elementor-col-50 elementor-top-column elementor-element elementor-element-9e99a83\" data-id=\"9e99a83\" data-element_type=\"column\">\n\t\t\t<div class=\"elementor-column-wrap elementor-element-populated\">\n\t\t\t\t\t\t\t<div class=\"elementor-widget-wrap\">\n\t\t\t\t\t\t<div class=\"elementor-element elementor-element-8f4db5f elementor-widget elementor-widget-text-editor\" data-id=\"8f4db5f\" data-element_type=\"widget\" data-widget_type=\"text-editor.default\">\n\t\t\t\t<div class=\"elementor-widget-container\">\n\t\t\t\t\t\t\t\t<div class=\"elementor-text-editor elementor-clearfix\">\n\t\t\t\t<p>Para la\u00a0construcci\u00f3n\u00a0y la decoraci\u00f3n, el revestimiento es una capa de un material espec\u00edfico que se utiliza para la protecci\u00f3n o el adorno de las paredes, el techo o el piso. Es habitual que, cuando el paso del tiempo afecta la superficie, se opte por instalar un revestimiento que oculte los da\u00f1os.<\/p>\t\t\t\t\t<\/div>\n\t\t\t\t\t\t<\/div>\n\t\t\t\t<\/div>\n\t\t\t\t\t\t<\/div>\n\t\t\t\t\t<\/div>\n\t\t<\/div>\n\t\t\t\t\t\t\t\t<\/div>\n\t\t\t\t\t<\/div>\n\t\t<\/section>\n\t\t\t\t<section class=\"elementor-section elementor-top-section elementor-element elementor-element-942ccd1 elementor-section-boxed elementor-section-height-default elementor-section-height-default\" data-id=\"942ccd1\" data-element_type=\"section\">\n\t\t\t\t\t\t<div class=\"elementor-container elementor-column-gap-default\">\n\t\t\t\t\t\t\t<div class=\"elementor-row\">\n\t\t\t\t\t<div class=\"elementor-column elementor-col-100 elementor-top-column elementor-element elementor-element-221f67a\" data-id=\"221f67a\" data-element_type=\"column\">\n\t\t\t<div class=\"elementor-column-wrap elementor-element-populated\">\n\t\t\t\t\t\t\t<div class=\"elementor-widget-wrap\">\n\t\t\t\t\t\t<div class=\"elementor-element elementor-element-db74c8d elementor-widget elementor-widget-spacer\" data-id=\"db74c8d\" data-element_type=\"widget\" data-widget_type=\"spacer.default\">\n\t\t\t\t<div class=\"elementor-widget-container\">\n\t\t\t\t\t<div class=\"elementor-spacer\">\n\t\t\t<div class=\"elementor-spacer-inner\"><\/div>\n\t\t<\/div>\n\t\t\t\t<\/div>\n\t\t\t\t<\/div>\n\t\t\t\t\t\t<\/div>\n\t\t\t\t\t<\/div>\n\t\t<\/div>\n\t\t\t\t\t\t\t\t<\/div>\n\t\t\t\t\t<\/div>\n\t\t<\/section>\n\t\t\t\t<section class=\"elementor-section elementor-top-section elementor-element elementor-element-026f3b7 elementor-section-boxed elementor-section-height-default elementor-section-height-default\" data-id=\"026f3b7\" data-element_type=\"section\">\n\t\t\t\t\t\t<div class=\"elementor-container elementor-column-gap-default\">\n\t\t\t\t\t\t\t<div class=\"elementor-row\">\n\t\t\t\t\t<div class=\"elementor-column elementor-col-100 elementor-top-column elementor-element elementor-element-5ebbbb1\" data-id=\"5ebbbb1\" data-element_type=\"column\">\n\t\t\t<div class=\"elementor-column-wrap elementor-element-populated\">\n\t\t\t\t\t\t\t<div class=\"elementor-widget-wrap\">\n\t\t\t\t\t\t<div class=\"elementor-element elementor-element-e820736 animated-slow elementor-arrows-position-inside elementor-pagination-position-outside elementor-invisible elementor-widget elementor-widget-image-carousel\" data-id=\"e820736\" data-element_type=\"widget\" data-settings=\"{&quot;image_spacing_custom&quot;:{&quot;unit&quot;:&quot;px&quot;,&quot;size&quot;:11,&quot;sizes&quot;:[]},&quot;_animation&quot;:&quot;fadeIn&quot;,&quot;navigation&quot;:&quot;both&quot;,&quot;autoplay&quot;:&quot;yes&quot;,&quot;pause_on_hover&quot;:&quot;yes&quot;,&quot;pause_on_interaction&quot;:&quot;yes&quot;,&quot;autoplay_speed&quot;:5000,&quot;infinite&quot;:&quot;yes&quot;,&quot;speed&quot;:500,&quot;image_spacing_custom_tablet&quot;:{&quot;unit&quot;:&quot;px&quot;,&quot;size&quot;:&quot;&quot;,&quot;sizes&quot;:[]},&quot;image_spacing_custom_mobile&quot;:{&quot;unit&quot;:&quot;px&quot;,&quot;size&quot;:&quot;&quot;,&quot;sizes&quot;:[]}}\" data-widget_type=\"image-carousel.default\">\n\t\t\t\t<div class=\"elementor-widget-container\">\n\t\t\t\t\t<div class=\"elementor-image-carousel-wrapper swiper-container\" dir=\"ltr\">\n\t\t\t<div class=\"elementor-image-carousel swiper-wrapper\">\n\t\t\t\t\t\t\t\t<div class=\"swiper-slide\"><figure class=\"swiper-slide-inner\"><img class=\"swiper-slide-image\" src=\"http:\/\/www.firenzecorp.com\/web\/wp-content\/uploads\/2020\/07\/ambiente-45.jpg\" alt=\"ambiente-45.jpg\" \/><\/figure><\/div><div class=\"swiper-slide\"><figure class=\"swiper-slide-inner\"><img class=\"swiper-slide-image\" src=\"http:\/\/www.firenzecorp.com\/web\/wp-content\/uploads\/2020\/07\/ambiente-46.jpg\" alt=\"ambiente-46.jpg\" \/><\/figure><\/div><div class=\"swiper-slide\"><figure class=\"swiper-slide-inner\"><img class=\"swiper-slide-image\" src=\"http:\/\/www.firenzecorp.com\/web\/wp-content\/uploads\/2020\/07\/ambiente-43.jpg\" alt=\"ambiente-43.jpg\" \/><\/figure><\/div><div class=\"swiper-slide\"><figure class=\"swiper-slide-inner\"><img class=\"swiper-slide-image\" src=\"http:\/\/www.firenzecorp.com\/web\/wp-content\/uploads\/2020\/07\/ambiente-48.jpg\" alt=\"ambiente-48.jpg\" \/><\/figure><\/div><div class=\"swiper-slide\"><figure class=\"swiper-slide-inner\"><img class=\"swiper-slide-image\" src=\"http:\/\/www.firenzecorp.com\/web\/wp-content\/uploads\/2020\/07\/ambiente-41.jpg\" alt=\"ambiente-41.jpg\" \/><\/figure><\/div><div class=\"swiper-slide\"><figure class=\"swiper-slide-inner\"><img class=\"swiper-slide-image\" src=\"http:\/\/www.firenzecorp.com\/web\/wp-content\/uploads\/2020\/07\/ambiente-36.jpg\" alt=\"ambiente-36.jpg\" \/><\/figure><\/div>\t\t\t<\/div>\n\t\t\t\t\t\t\t\t\t\t\t\t<div class=\"swiper-pagination\"><\/div>\n\t\t\t\t\t\t\t\t\t\t\t\t\t<div class=\"elementor-swiper-button elementor-swiper-button-prev\">\n\t\t\t\t\t\t<i aria-hidden=\"true\" class=\"eicon-chevron-left\"><\/i>\t\t\t\t\t\t<span class=\"elementor-screen-only\">Anterior<\/span>\n\t\t\t\t\t<\/div>\n\t\t\t\t\t<div class=\"elementor-swiper-button elementor-swiper-button-next\">\n\t\t\t\t\t\t<i aria-hidden=\"true\" class=\"eicon-chevron-right\"><\/i>\t\t\t\t\t\t<span class=\"elementor-screen-only\">Siguiente<\/span>\n\t\t\t\t\t<\/div>\n\t\t\t\t\t\t\t\t\t<\/div>\n\t\t\t\t<\/div>\n\t\t\t\t<\/div>\n\t\t\t\t\t\t<\/div>\n\t\t\t\t\t<\/div>\n\t\t<\/div>\n\t\t\t\t\t\t\t\t<\/div>\n\t\t\t\t\t<\/div>\n\t\t<\/section>\n\t\t\t\t\t\t\t\t\t<\/div>\n\t\t\t<\/div>\n\t\t\t\t\t<\/div>\n\t\t","protected":false},"excerpt":{"rendered":"<p>Para la\u00a0construcci\u00f3n\u00a0y la decoraci\u00f3n, el revestimiento es una capa de un material espec\u00edfico que se utiliza para la protecci\u00f3n o el adorno de las paredes, el techo o el piso. Es habitual que, cuando el paso del tiempo afecta la superficie, se opte por instalar un revestimiento que oculte los da\u00f1os. Anterior Siguiente<\/p>\n","protected":false},"author":2,"featured_media":0,"parent":4645,"menu_order":16,"comment_status":"closed","ping_status":"closed","template":"","meta":{"ngg_post_thumbnail":0},"_links":{"self":[{"href":"http:\/\/www.firenzecorp.com\/web\/wp-json\/wp\/v2\/pages\/4833"}],"collection":[{"href":"http:\/\/www.firenzecorp.com\/web\/wp-json\/wp\/v2\/pages"}],"about":[{"href":"http:\/\/www.firenzecorp.com\/web\/wp-json\/wp\/v2\/types\/page"}],"author":[{"embeddable":true,"href":"http:\/\/www.firenzecorp.com\/web\/wp-json\/wp\/v2\/users\/2"}],"replies":[{"embeddable":true,"href":"http:\/\/www.firenzecorp.com\/web\/wp-json\/wp\/v2\/comments?post=4833"}],"version-history":[{"count":13,"href":"http:\/\/www.firenzecorp.com\/web\/wp-json\/wp\/v2\/pages\/4833\/revisions"}],"predecessor-version":[{"id":5307,"href":"http:\/\/www.firenzecorp.com\/web\/wp-json\/wp\/v2\/pages\/4833\/revisions\/5307"}],"up":[{"embeddable":true,"href":"http:\/\/www.firenzecorp.com\/web\/wp-json\/wp\/v2\/pages\/4645"}],"wp:attachment":[{"href":"http:\/\/www.firenzecorp.com\/web\/wp-json\/wp\/v2\/media?parent=4833"}],"curies":[{"name":"wp","href":"https:\/\/api.w.org\/{rel}","templated":true}]}}