{"id":4837,"date":"2019-09-12T22:01:34","date_gmt":"2019-09-12T20:01:34","guid":{"rendered":"http:\/\/www.firenzecorp.com\/web\/?page_id=4837"},"modified":"2020-09-04T16:13:34","modified_gmt":"2020-09-04T14:13:34","slug":"fachadas-2","status":"publish","type":"page","link":"http:\/\/www.firenzecorp.com\/web\/revestimientos-2\/fachadas-2\/","title":{"rendered":"FACHADAS"},"content":{"rendered":"\t\t<div data-elementor-type=\"wp-page\" data-elementor-id=\"4837\" class=\"elementor elementor-4837\">\n\t\t\t\t\t\t<div class=\"elementor-inner\">\n\t\t\t\t<div class=\"elementor-section-wrap\">\n\t\t\t\t\t\t\t\t\t<section class=\"elementor-section elementor-top-section elementor-element elementor-element-3ed1236 elementor-section-boxed elementor-section-height-default elementor-section-height-default\" data-id=\"3ed1236\" data-element_type=\"section\">\n\t\t\t\t\t\t<div class=\"elementor-container elementor-column-gap-default\">\n\t\t\t\t\t\t\t<div class=\"elementor-row\">\n\t\t\t\t\t<div class=\"elementor-column elementor-col-100 elementor-top-column elementor-element elementor-element-50f309e\" data-id=\"50f309e\" data-element_type=\"column\">\n\t\t\t<div class=\"elementor-column-wrap elementor-element-populated\">\n\t\t\t\t\t\t\t<div class=\"elementor-widget-wrap\">\n\t\t\t\t\t\t<div class=\"elementor-element elementor-element-a621499 elementor-widget elementor-widget-image\" data-id=\"a621499\" data-element_type=\"widget\" data-widget_type=\"image.default\">\n\t\t\t\t<div class=\"elementor-widget-container\">\n\t\t\t\t\t\t\t\t<div class=\"elementor-image\">\n\t\t\t\t\t\t\t\t\t\t\t\t<img width=\"2500\" height=\"1750\" src=\"http:\/\/www.firenzecorp.com\/web\/wp-content\/uploads\/2020\/07\/TOLUCA-MARMOL.jpg\" class=\"attachment-full size-full wp-image-5278\" alt=\"\" loading=\"lazy\" srcset=\"http:\/\/www.firenzecorp.com\/web\/wp-content\/uploads\/2020\/07\/TOLUCA-MARMOL.jpg 2500w, http:\/\/www.firenzecorp.com\/web\/wp-content\/uploads\/2020\/07\/TOLUCA-MARMOL-1536x1075.jpg 1536w, http:\/\/www.firenzecorp.com\/web\/wp-content\/uploads\/2020\/07\/TOLUCA-MARMOL-2048x1434.jpg 2048w, http:\/\/www.firenzecorp.com\/web\/wp-content\/uploads\/2020\/07\/TOLUCA-MARMOL-1024x717.jpg 1024w, http:\/\/www.firenzecorp.com\/web\/wp-content\/uploads\/2020\/07\/TOLUCA-MARMOL-1543x1080.jpg 1543w, http:\/\/www.firenzecorp.com\/web\/wp-content\/uploads\/2020\/07\/TOLUCA-MARMOL-600x420.jpg 600w\" sizes=\"(max-width: 2500px) 100vw, 2500px\" \/>\t\t\t\t\t\t\t\t\t\t\t\t\t\t<\/div>\n\t\t\t\t\t\t<\/div>\n\t\t\t\t<\/div>\n\t\t\t\t\t\t<\/div>\n\t\t\t\t\t<\/div>\n\t\t<\/div>\n\t\t\t\t\t\t\t\t<\/div>\n\t\t\t\t\t<\/div>\n\t\t<\/section>\n\t\t\t\t<section class=\"elementor-section elementor-top-section elementor-element elementor-element-0f8b296 elementor-section-boxed elementor-section-height-default elementor-section-height-default\" data-id=\"0f8b296\" data-element_type=\"section\">\n\t\t\t\t\t\t<div class=\"elementor-container elementor-column-gap-default\">\n\t\t\t\t\t\t\t<div class=\"elementor-row\">\n\t\t\t\t\t<div class=\"elementor-column elementor-col-100 elementor-top-column elementor-element elementor-element-5788590\" data-id=\"5788590\" data-element_type=\"column\">\n\t\t\t<div class=\"elementor-column-wrap elementor-element-populated\">\n\t\t\t\t\t\t\t<div class=\"elementor-widget-wrap\">\n\t\t\t\t\t\t<div class=\"elementor-element elementor-element-eb460d6 elementor-widget elementor-widget-text-editor\" data-id=\"eb460d6\" data-element_type=\"widget\" data-widget_type=\"text-editor.default\">\n\t\t\t\t<div class=\"elementor-widget-container\">\n\t\t\t\t\t\t\t\t<div class=\"elementor-text-editor elementor-clearfix\">\n\t\t\t\t<p style=\"text-align: center;\">FACHADAS o FACHALETAS:<\/p><p style=\"text-align: center;\">fabricadas a partir de la cer\u00e1mica con proposito de simula la textura y tama\u00f1o a las Piedras de origen natural de diferentes formas, dise\u00f1os, colores y acabados. En algunos dise\u00f1os las fachadas son mejoradas siendo Fabricadas a partir del Porcelanato disminuyendo el nivel de absorci\u00f3n y aumentando el tiempo de vida del producto.<\/p>\t\t\t\t\t<\/div>\n\t\t\t\t\t\t<\/div>\n\t\t\t\t<\/div>\n\t\t\t\t\t\t<\/div>\n\t\t\t\t\t<\/div>\n\t\t<\/div>\n\t\t\t\t\t\t\t\t<\/div>\n\t\t\t\t\t<\/div>\n\t\t<\/section>\n\t\t\t\t<section class=\"elementor-section elementor-top-section elementor-element elementor-element-962631b elementor-section-boxed elementor-section-height-default elementor-section-height-default\" data-id=\"962631b\" data-element_type=\"section\">\n\t\t\t\t\t\t<div class=\"elementor-container elementor-column-gap-default\">\n\t\t\t\t\t\t\t<div class=\"elementor-row\">\n\t\t\t\t\t<div class=\"elementor-column elementor-col-100 elementor-top-column elementor-element elementor-element-72c1d85\" data-id=\"72c1d85\" data-element_type=\"column\">\n\t\t\t<div class=\"elementor-column-wrap elementor-element-populated\">\n\t\t\t\t\t\t\t<div class=\"elementor-widget-wrap\">\n\t\t\t\t\t\t<div class=\"elementor-element elementor-element-55f3eb1 elementor-widget elementor-widget-spacer\" data-id=\"55f3eb1\" data-element_type=\"widget\" data-widget_type=\"spacer.default\">\n\t\t\t\t<div class=\"elementor-widget-container\">\n\t\t\t\t\t<div class=\"elementor-spacer\">\n\t\t\t<div class=\"elementor-spacer-inner\"><\/div>\n\t\t<\/div>\n\t\t\t\t<\/div>\n\t\t\t\t<\/div>\n\t\t\t\t\t\t<\/div>\n\t\t\t\t\t<\/div>\n\t\t<\/div>\n\t\t\t\t\t\t\t\t<\/div>\n\t\t\t\t\t<\/div>\n\t\t<\/section>\n\t\t\t\t<section class=\"elementor-section elementor-top-section elementor-element elementor-element-dbd97ae elementor-section-boxed elementor-section-height-default elementor-section-height-default\" data-id=\"dbd97ae\" data-element_type=\"section\">\n\t\t\t\t\t\t<div class=\"elementor-container elementor-column-gap-default\">\n\t\t\t\t\t\t\t<div class=\"elementor-row\">\n\t\t\t\t\t<div class=\"elementor-column elementor-col-100 elementor-top-column elementor-element elementor-element-6209a39\" data-id=\"6209a39\" data-element_type=\"column\">\n\t\t\t<div class=\"elementor-column-wrap elementor-element-populated\">\n\t\t\t\t\t\t\t<div class=\"elementor-widget-wrap\">\n\t\t\t\t\t\t<div class=\"elementor-element elementor-element-c7fca21 elementor-widget elementor-widget-text-editor\" data-id=\"c7fca21\" data-element_type=\"widget\" data-widget_type=\"text-editor.default\">\n\t\t\t\t<div class=\"elementor-widget-container\">\n\t\t\t\t\t\t\t\t<div class=\"elementor-text-editor elementor-clearfix\">\n\t\t\t\t<p style=\"text-align: center;\">FORMAS DE FACHADAS\u00a0<\/p>\t\t\t\t\t<\/div>\n\t\t\t\t\t\t<\/div>\n\t\t\t\t<\/div>\n\t\t\t\t\t\t<\/div>\n\t\t\t\t\t<\/div>\n\t\t<\/div>\n\t\t\t\t\t\t\t\t<\/div>\n\t\t\t\t\t<\/div>\n\t\t<\/section>\n\t\t\t\t<section class=\"elementor-section elementor-top-section elementor-element elementor-element-30f2dec elementor-section-boxed elementor-section-height-default elementor-section-height-default\" data-id=\"30f2dec\" data-element_type=\"section\">\n\t\t\t\t\t\t<div class=\"elementor-container elementor-column-gap-default\">\n\t\t\t\t\t\t\t<div class=\"elementor-row\">\n\t\t\t\t\t<div class=\"elementor-column elementor-col-33 elementor-top-column elementor-element elementor-element-bc6a3e3\" data-id=\"bc6a3e3\" data-element_type=\"column\">\n\t\t\t<div class=\"elementor-column-wrap elementor-element-populated\">\n\t\t\t\t\t\t\t<div class=\"elementor-widget-wrap\">\n\t\t\t\t\t\t<div class=\"elementor-element elementor-element-0b49087 elementor-widget elementor-widget-image\" data-id=\"0b49087\" data-element_type=\"widget\" data-widget_type=\"image.default\">\n\t\t\t\t<div class=\"elementor-widget-container\">\n\t\t\t\t\t\t\t\t<div class=\"elementor-image\">\n\t\t\t\t\t\t\t\t\t<figure class=\"wp-caption\">\n\t\t\t\t\t\t\t\t\t\t<img src=\"http:\/\/www.firenzecorp.com\/web\/wp-content\/uploads\/elementor\/thumbs\/3-osxxeo9wjps441pjudrv0vd90fcz21y47nnrth2x8w.png\" title=\"3\" alt=\"3\" loading=\"lazy\" \/>\t\t\t\t\t\t\t\t\t\t\t<figcaption class=\"widget-image-caption wp-caption-text\">FACHADAS IRREGULARES\u00a0<\/figcaption>\n\t\t\t\t\t\t\t\t\t\t<\/figure>\n\t\t\t\t\t\t\t\t<\/div>\n\t\t\t\t\t\t<\/div>\n\t\t\t\t<\/div>\n\t\t\t\t\t\t<\/div>\n\t\t\t\t\t<\/div>\n\t\t<\/div>\n\t\t\t\t<div class=\"elementor-column elementor-col-33 elementor-top-column elementor-element elementor-element-6feee3c\" data-id=\"6feee3c\" data-element_type=\"column\">\n\t\t\t<div class=\"elementor-column-wrap elementor-element-populated\">\n\t\t\t\t\t\t\t<div class=\"elementor-widget-wrap\">\n\t\t\t\t\t\t<div class=\"elementor-element elementor-element-c351605 elementor-widget elementor-widget-image\" data-id=\"c351605\" data-element_type=\"widget\" data-widget_type=\"image.default\">\n\t\t\t\t<div class=\"elementor-widget-container\">\n\t\t\t\t\t\t\t\t<div class=\"elementor-image\">\n\t\t\t\t\t\t\t\t\t<figure class=\"wp-caption\">\n\t\t\t\t\t\t\t\t\t\t<img src=\"http:\/\/www.firenzecorp.com\/web\/wp-content\/uploads\/elementor\/thumbs\/2-osxxekijsdmytlv0gc5cqwbemvvi79j6v51twd8hxs.png\" title=\"2\" alt=\"2\" loading=\"lazy\" \/>\t\t\t\t\t\t\t\t\t\t\t<figcaption class=\"widget-image-caption wp-caption-text\">FACHADAS DENTADAS<\/figcaption>\n\t\t\t\t\t\t\t\t\t\t<\/figure>\n\t\t\t\t\t\t\t\t<\/div>\n\t\t\t\t\t\t<\/div>\n\t\t\t\t<\/div>\n\t\t\t\t\t\t<\/div>\n\t\t\t\t\t<\/div>\n\t\t<\/div>\n\t\t\t\t<div class=\"elementor-column elementor-col-33 elementor-top-column elementor-element elementor-element-850c94a\" data-id=\"850c94a\" data-element_type=\"column\">\n\t\t\t<div class=\"elementor-column-wrap elementor-element-populated\">\n\t\t\t\t\t\t\t<div class=\"elementor-widget-wrap\">\n\t\t\t\t\t\t<div class=\"elementor-element elementor-element-7995216 elementor-widget elementor-widget-image\" data-id=\"7995216\" data-element_type=\"widget\" data-widget_type=\"image.default\">\n\t\t\t\t<div class=\"elementor-widget-container\">\n\t\t\t\t\t\t\t\t<div class=\"elementor-image\">\n\t\t\t\t\t\t\t\t\t<figure class=\"wp-caption\">\n\t\t\t\t\t\t\t\t\t\t<img src=\"http:\/\/www.firenzecorp.com\/web\/wp-content\/uploads\/elementor\/thumbs\/1-osxxegr711htj60h2aiugx9k9ce1ch49imfvz9e2mo.png\" title=\"1\" alt=\"1\" loading=\"lazy\" \/>\t\t\t\t\t\t\t\t\t\t\t<figcaption class=\"widget-image-caption wp-caption-text\">FACHADAS REGULARES<\/figcaption>\n\t\t\t\t\t\t\t\t\t\t<\/figure>\n\t\t\t\t\t\t\t\t<\/div>\n\t\t\t\t\t\t<\/div>\n\t\t\t\t<\/div>\n\t\t\t\t\t\t<\/div>\n\t\t\t\t\t<\/div>\n\t\t<\/div>\n\t\t\t\t\t\t\t\t<\/div>\n\t\t\t\t\t<\/div>\n\t\t<\/section>\n\t\t\t\t<section class=\"elementor-section elementor-top-section elementor-element elementor-element-9db845f elementor-section-boxed elementor-section-height-default elementor-section-height-default\" data-id=\"9db845f\" data-element_type=\"section\">\n\t\t\t\t\t\t<div class=\"elementor-container elementor-column-gap-default\">\n\t\t\t\t\t\t\t<div class=\"elementor-row\">\n\t\t\t\t\t<div class=\"elementor-column elementor-col-100 elementor-top-column elementor-element elementor-element-109d754\" data-id=\"109d754\" data-element_type=\"column\">\n\t\t\t<div class=\"elementor-column-wrap elementor-element-populated\">\n\t\t\t\t\t\t\t<div class=\"elementor-widget-wrap\">\n\t\t\t\t\t\t<div class=\"elementor-element elementor-element-f59f36f elementor-widget elementor-widget-spacer\" data-id=\"f59f36f\" data-element_type=\"widget\" data-widget_type=\"spacer.default\">\n\t\t\t\t<div class=\"elementor-widget-container\">\n\t\t\t\t\t<div class=\"elementor-spacer\">\n\t\t\t<div class=\"elementor-spacer-inner\"><\/div>\n\t\t<\/div>\n\t\t\t\t<\/div>\n\t\t\t\t<\/div>\n\t\t\t\t\t\t<\/div>\n\t\t\t\t\t<\/div>\n\t\t<\/div>\n\t\t\t\t\t\t\t\t<\/div>\n\t\t\t\t\t<\/div>\n\t\t<\/section>\n\t\t\t\t<section class=\"elementor-section elementor-top-section elementor-element elementor-element-f5031a7 elementor-section-boxed elementor-section-height-default elementor-section-height-default\" data-id=\"f5031a7\" data-element_type=\"section\">\n\t\t\t\t\t\t<div class=\"elementor-container elementor-column-gap-default\">\n\t\t\t\t\t\t\t<div class=\"elementor-row\">\n\t\t\t\t\t<div class=\"elementor-column elementor-col-100 elementor-top-column elementor-element elementor-element-f4ef299\" data-id=\"f4ef299\" data-element_type=\"column\">\n\t\t\t<div class=\"elementor-column-wrap elementor-element-populated\">\n\t\t\t\t\t\t\t<div class=\"elementor-widget-wrap\">\n\t\t\t\t\t\t<div class=\"elementor-element elementor-element-b355116 animated-slow elementor-arrows-position-inside elementor-pagination-position-outside elementor-invisible elementor-widget elementor-widget-image-carousel\" data-id=\"b355116\" data-element_type=\"widget\" data-settings=\"{&quot;slides_to_show&quot;:&quot;4&quot;,&quot;_animation&quot;:&quot;fadeIn&quot;,&quot;navigation&quot;:&quot;both&quot;,&quot;autoplay&quot;:&quot;yes&quot;,&quot;pause_on_hover&quot;:&quot;yes&quot;,&quot;pause_on_interaction&quot;:&quot;yes&quot;,&quot;autoplay_speed&quot;:5000,&quot;infinite&quot;:&quot;yes&quot;,&quot;speed&quot;:500}\" data-widget_type=\"image-carousel.default\">\n\t\t\t\t<div class=\"elementor-widget-container\">\n\t\t\t\t\t<div class=\"elementor-image-carousel-wrapper swiper-container\" dir=\"ltr\">\n\t\t\t<div class=\"elementor-image-carousel swiper-wrapper\">\n\t\t\t\t\t\t\t\t<div class=\"swiper-slide\"><figure class=\"swiper-slide-inner\"><img class=\"swiper-slide-image\" src=\"http:\/\/www.firenzecorp.com\/web\/wp-content\/uploads\/elementor\/thumbs\/TOLUCA-MARMOL-ossqg041rd14m6wurn5pxp1yincnnn7yjd2kgz3i0g.jpg\" alt=\"TOLUCA MARMOL\" \/><\/figure><\/div><div class=\"swiper-slide\"><figure class=\"swiper-slide-inner\"><img class=\"swiper-slide-image\" src=\"http:\/\/www.firenzecorp.com\/web\/wp-content\/uploads\/elementor\/thumbs\/ambiente-osno4o5sp4boqsio0luljxh6dh6gnz8xhvw4xqm50w.jpg\" alt=\"ambiente.jpg\" \/><\/figure><\/div><div class=\"swiper-slide\"><figure class=\"swiper-slide-inner\"><img class=\"swiper-slide-image\" src=\"http:\/\/www.firenzecorp.com\/web\/wp-content\/uploads\/elementor\/thumbs\/ambiente-1-osno4p3mvycz2ehav4984f8myv1tvocnu0jmf0kquo.jpg\" alt=\"ambiente-1.jpg\" \/><\/figure><\/div><div class=\"swiper-slide\"><figure class=\"swiper-slide-inner\"><img class=\"swiper-slide-image\" src=\"http:\/\/www.firenzecorp.com\/web\/wp-content\/uploads\/elementor\/thumbs\/ambientePORTELL-osno4iirk43yt4quxjeu4ywet5y9dsmjh3z822ui28.jpg\" alt=\"ambientePORTELL.jpg\" \/><\/figure><\/div><div class=\"swiper-slide\"><figure class=\"swiper-slide-inner\"><img class=\"swiper-slide-image\" src=\"http:\/\/www.firenzecorp.com\/web\/wp-content\/uploads\/elementor\/thumbs\/ambientePIETRA-osno4jglqy594qphs1tgpgnvejtmlhq9t8mpjct3w0.jpg\" alt=\"ambientePIETRA.jpg\" \/><\/figure><\/div><div class=\"swiper-slide\"><figure class=\"swiper-slide-inner\"><img class=\"swiper-slide-image\" src=\"http:\/\/www.firenzecorp.com\/web\/wp-content\/uploads\/elementor\/thumbs\/ambienteOXIDE-RIVOLI-osno4kefxs6jgco4mk839yfbzxozt6u05da70mrpps.jpg\" alt=\"ambienteOXIDE-RIVOLI.jpg\" \/><\/figure><\/div><div class=\"swiper-slide\"><figure class=\"swiper-slide-inner\"><img class=\"swiper-slide-image\" src=\"http:\/\/www.firenzecorp.com\/web\/wp-content\/uploads\/elementor\/thumbs\/amb-BRITISH-JET-osno4hkxda2ohis83107kh4y7s2w63it4zbqksvw8g.jpg\" alt=\"amb-BRITISH-JET.jpg\" \/><\/figure><\/div><div class=\"swiper-slide\"><figure class=\"swiper-slide-inner\"><img class=\"swiper-slide-image\" src=\"http:\/\/www.firenzecorp.com\/web\/wp-content\/uploads\/elementor\/thumbs\/ambiente-12-osno4uqo0ykp0293y6ozjdtej6a15uz1usgjaocdtc.jpg\" alt=\"ambiente-12.jpg\" \/><\/figure><\/div><div class=\"swiper-slide\"><figure class=\"swiper-slide-inner\"><img class=\"swiper-slide-image\" src=\"http:\/\/www.firenzecorp.com\/web\/wp-content\/uploads\/elementor\/thumbs\/ambiente-10-osno4uqo0ykp0293y6ozjdtej6a15uz1usgjaocdtc.jpg\" alt=\"ambiente-10.jpg\" \/><\/figure><\/div><div class=\"swiper-slide\"><figure class=\"swiper-slide-inner\"><img class=\"swiper-slide-image\" src=\"http:\/\/www.firenzecorp.com\/web\/wp-content\/uploads\/elementor\/thumbs\/ambiente-4-osno4qzb9mfjpmekk52h9erk5mskb2k4i9uldkhyi8.jpg\" alt=\"ambiente-4.jpg\" \/><\/figure><\/div><div class=\"swiper-slide\"><figure class=\"swiper-slide-inner\"><img class=\"swiper-slide-image\" src=\"http:\/\/www.firenzecorp.com\/web\/wp-content\/uploads\/elementor\/thumbs\/ambiente-9-osno4tstu4jeogah3oacyw1xxseny5vbint1tedrzk.jpg\" alt=\"ambiente-9.jpg\" \/><\/figure><\/div>\t\t\t<\/div>\n\t\t\t\t\t\t\t\t\t\t\t\t<div class=\"swiper-pagination\"><\/div>\n\t\t\t\t\t\t\t\t\t\t\t\t\t<div class=\"elementor-swiper-button elementor-swiper-button-prev\">\n\t\t\t\t\t\t<i aria-hidden=\"true\" class=\"eicon-chevron-left\"><\/i>\t\t\t\t\t\t<span class=\"elementor-screen-only\">Anterior<\/span>\n\t\t\t\t\t<\/div>\n\t\t\t\t\t<div class=\"elementor-swiper-button elementor-swiper-button-next\">\n\t\t\t\t\t\t<i aria-hidden=\"true\" class=\"eicon-chevron-right\"><\/i>\t\t\t\t\t\t<span class=\"elementor-screen-only\">Siguiente<\/span>\n\t\t\t\t\t<\/div>\n\t\t\t\t\t\t\t\t\t<\/div>\n\t\t\t\t<\/div>\n\t\t\t\t<\/div>\n\t\t\t\t\t\t<\/div>\n\t\t\t\t\t<\/div>\n\t\t<\/div>\n\t\t\t\t\t\t\t\t<\/div>\n\t\t\t\t\t<\/div>\n\t\t<\/section>\n\t\t\t\t\t\t\t\t\t<\/div>\n\t\t\t<\/div>\n\t\t\t\t\t<\/div>\n\t\t","protected":false},"excerpt":{"rendered":"<p>FACHADAS o FACHALETAS: fabricadas a partir de la cer\u00e1mica con proposito de simula la textura y tama\u00f1o a las Piedras de origen natural de diferentes formas, dise\u00f1os, colores y acabados. En algunos dise\u00f1os las fachadas son mejoradas siendo Fabricadas a partir del Porcelanato disminuyendo el nivel de absorci\u00f3n y aumentando el tiempo de vida del&hellip; <br \/> <a class=\"read-more\" href=\"http:\/\/www.firenzecorp.com\/web\/revestimientos-2\/fachadas-2\/\">Leer m\u00e1s<\/a><\/p>\n","protected":false},"author":2,"featured_media":0,"parent":4645,"menu_order":18,"comment_status":"closed","ping_status":"closed","template":"","meta":{"ngg_post_thumbnail":0},"_links":{"self":[{"href":"http:\/\/www.firenzecorp.com\/web\/wp-json\/wp\/v2\/pages\/4837"}],"collection":[{"href":"http:\/\/www.firenzecorp.com\/web\/wp-json\/wp\/v2\/pages"}],"about":[{"href":"http:\/\/www.firenzecorp.com\/web\/wp-json\/wp\/v2\/types\/page"}],"author":[{"embeddable":true,"href":"http:\/\/www.firenzecorp.com\/web\/wp-json\/wp\/v2\/users\/2"}],"replies":[{"embeddable":true,"href":"http:\/\/www.firenzecorp.com\/web\/wp-json\/wp\/v2\/comments?post=4837"}],"version-history":[{"count":13,"href":"http:\/\/www.firenzecorp.com\/web\/wp-json\/wp\/v2\/pages\/4837\/revisions"}],"predecessor-version":[{"id":6184,"href":"http:\/\/www.firenzecorp.com\/web\/wp-json\/wp\/v2\/pages\/4837\/revisions\/6184"}],"up":[{"embeddable":true,"href":"http:\/\/www.firenzecorp.com\/web\/wp-json\/wp\/v2\/pages\/4645"}],"wp:attachment":[{"href":"http:\/\/www.firenzecorp.com\/web\/wp-json\/wp\/v2\/media?parent=4837"}],"curies":[{"name":"wp","href":"https:\/\/api.w.org\/{rel}","templated":true}]}}