{"id":6043,"date":"2020-07-28T18:37:45","date_gmt":"2020-07-28T16:37:45","guid":{"rendered":"http:\/\/www.firenzecorp.com\/web\/?page_id=6043"},"modified":"2020-09-15T23:39:39","modified_gmt":"2020-09-15T21:39:39","slug":"mosaicos","status":"publish","type":"page","link":"http:\/\/www.firenzecorp.com\/web\/mosaicos\/","title":{"rendered":"MOSAICOS"},"content":{"rendered":"\t\t<div data-elementor-type=\"wp-page\" data-elementor-id=\"6043\" class=\"elementor elementor-6043\">\n\t\t\t\t\t\t<div class=\"elementor-inner\">\n\t\t\t\t<div class=\"elementor-section-wrap\">\n\t\t\t\t\t\t\t\t\t<section class=\"elementor-section elementor-top-section elementor-element elementor-element-2063514 elementor-section-boxed elementor-section-height-default elementor-section-height-default\" data-id=\"2063514\" data-element_type=\"section\">\n\t\t\t\t\t\t<div class=\"elementor-container elementor-column-gap-default\">\n\t\t\t\t\t\t\t<div class=\"elementor-row\">\n\t\t\t\t\t<div class=\"elementor-column elementor-col-100 elementor-top-column elementor-element elementor-element-8128b9b\" data-id=\"8128b9b\" data-element_type=\"column\">\n\t\t\t<div class=\"elementor-column-wrap elementor-element-populated\">\n\t\t\t\t\t\t\t<div class=\"elementor-widget-wrap\">\n\t\t\t\t\t\t<div class=\"elementor-element elementor-element-2c94cd1 elementor-widget elementor-widget-image\" data-id=\"2c94cd1\" data-element_type=\"widget\" data-widget_type=\"image.default\">\n\t\t\t\t<div class=\"elementor-widget-container\">\n\t\t\t\t\t\t\t\t<div class=\"elementor-image\">\n\t\t\t\t\t\t\t\t\t\t\t\t<img width=\"1200\" height=\"800\" src=\"http:\/\/www.firenzecorp.com\/web\/wp-content\/uploads\/2020\/09\/AMBIENT_Natural_HEXXLECOSTONES_HexXLDenimCopper_2004572_OnixMosaico.jpg\" class=\"attachment-full size-full wp-image-6204\" alt=\"\" loading=\"lazy\" srcset=\"http:\/\/www.firenzecorp.com\/web\/wp-content\/uploads\/2020\/09\/AMBIENT_Natural_HEXXLECOSTONES_HexXLDenimCopper_2004572_OnixMosaico.jpg 1200w, http:\/\/www.firenzecorp.com\/web\/wp-content\/uploads\/2020\/09\/AMBIENT_Natural_HEXXLECOSTONES_HexXLDenimCopper_2004572_OnixMosaico-1024x683.jpg 1024w, http:\/\/www.firenzecorp.com\/web\/wp-content\/uploads\/2020\/09\/AMBIENT_Natural_HEXXLECOSTONES_HexXLDenimCopper_2004572_OnixMosaico-300x200.jpg 300w, http:\/\/www.firenzecorp.com\/web\/wp-content\/uploads\/2020\/09\/AMBIENT_Natural_HEXXLECOSTONES_HexXLDenimCopper_2004572_OnixMosaico-600x400.jpg 600w\" sizes=\"(max-width: 1200px) 100vw, 1200px\" \/>\t\t\t\t\t\t\t\t\t\t\t\t\t\t<\/div>\n\t\t\t\t\t\t<\/div>\n\t\t\t\t<\/div>\n\t\t\t\t\t\t<\/div>\n\t\t\t\t\t<\/div>\n\t\t<\/div>\n\t\t\t\t\t\t\t\t<\/div>\n\t\t\t\t\t<\/div>\n\t\t<\/section>\n\t\t\t\t<section class=\"elementor-section elementor-top-section elementor-element elementor-element-888d016 elementor-section-boxed elementor-section-height-default elementor-section-height-default\" data-id=\"888d016\" data-element_type=\"section\">\n\t\t\t\t\t\t<div class=\"elementor-container elementor-column-gap-default\">\n\t\t\t\t\t\t\t<div class=\"elementor-row\">\n\t\t\t\t\t<div class=\"elementor-column elementor-col-50 elementor-top-column elementor-element elementor-element-8a0986f\" data-id=\"8a0986f\" data-element_type=\"column\">\n\t\t\t<div class=\"elementor-column-wrap elementor-element-populated\">\n\t\t\t\t\t\t\t<div class=\"elementor-widget-wrap\">\n\t\t\t\t\t\t<div class=\"elementor-element elementor-element-4cb3b12 elementor-widget elementor-widget-image\" data-id=\"4cb3b12\" data-element_type=\"widget\" data-widget_type=\"image.default\">\n\t\t\t\t<div class=\"elementor-widget-container\">\n\t\t\t\t\t\t\t\t<div class=\"elementor-image\">\n\t\t\t\t\t\t\t\t\t\t\t\t<img width=\"924\" height=\"1024\" src=\"http:\/\/www.firenzecorp.com\/web\/wp-content\/uploads\/2020\/07\/decorgres-sa-924x1024.jpg\" class=\"attachment-large size-large wp-image-6052\" alt=\"\" loading=\"lazy\" \/>\t\t\t\t\t\t\t\t\t\t\t\t\t\t<\/div>\n\t\t\t\t\t\t<\/div>\n\t\t\t\t<\/div>\n\t\t\t\t\t\t<\/div>\n\t\t\t\t\t<\/div>\n\t\t<\/div>\n\t\t\t\t<div class=\"elementor-column elementor-col-50 elementor-top-column elementor-element elementor-element-f5c845e\" data-id=\"f5c845e\" data-element_type=\"column\">\n\t\t\t<div class=\"elementor-column-wrap elementor-element-populated\">\n\t\t\t\t\t\t\t<div class=\"elementor-widget-wrap\">\n\t\t\t\t\t\t<div class=\"elementor-element elementor-element-7ef11b9 elementor-widget elementor-widget-text-editor\" data-id=\"7ef11b9\" data-element_type=\"widget\" data-widget_type=\"text-editor.default\">\n\t\t\t\t<div class=\"elementor-widget-container\">\n\t\t\t\t\t\t\t\t<div class=\"elementor-text-editor elementor-clearfix\">\n\t\t\t\t<p style=\"text-align: justify;\">MOSAICOS \u00abMALLAS\u00bb<\/p><p style=\"text-align: justify;\">Mosaico con mezcla de materiales y piezas multiformato de piedras naturales, efectos en cer\u00e1mica, piezas met\u00e1licos y vidrio estructurado. Mosaico enriquecido en brillo con acabados met\u00e1licos planos y estructurados, y contraste de acabados mate dado por las piedras naturales, brindando un mayor dinamismo en un acabado mate brillante. Formato recto que ofrece versatilidad para instalar en \u00e1reas planas e irregulares. Permite modularse. Este producto est\u00e1 elaborado con materiales sensibles a ser rayados por elementos de limpieza fuertes y\/o abrasivos. La variaci\u00f3n de tono, espesor y tama\u00f1o es inherente al proceso de fabricaci\u00f3n del mosaico. Tenga en cuenta los diferentes tipos de pegantes y boquillas de acuerdo al producto, su uso recomendado y la superficie a instalar. Se recomienda utilizar pegantes blancos para evitar cambio de tonalidad en la apariencia est\u00e9tica<\/p>\t\t\t\t\t<\/div>\n\t\t\t\t\t\t<\/div>\n\t\t\t\t<\/div>\n\t\t\t\t\t\t<\/div>\n\t\t\t\t\t<\/div>\n\t\t<\/div>\n\t\t\t\t\t\t\t\t<\/div>\n\t\t\t\t\t<\/div>\n\t\t<\/section>\n\t\t\t\t<section class=\"elementor-section elementor-top-section elementor-element elementor-element-2667ea4 elementor-section-boxed elementor-section-height-default elementor-section-height-default\" data-id=\"2667ea4\" data-element_type=\"section\">\n\t\t\t\t\t\t<div class=\"elementor-container elementor-column-gap-default\">\n\t\t\t\t\t\t\t<div class=\"elementor-row\">\n\t\t\t\t\t<div class=\"elementor-column elementor-col-50 elementor-top-column elementor-element elementor-element-b878552\" data-id=\"b878552\" data-element_type=\"column\">\n\t\t\t<div class=\"elementor-column-wrap elementor-element-populated\">\n\t\t\t\t\t\t\t<div class=\"elementor-widget-wrap\">\n\t\t\t\t\t\t<div class=\"elementor-element elementor-element-fe2d5cc elementor-widget elementor-widget-image\" data-id=\"fe2d5cc\" data-element_type=\"widget\" data-widget_type=\"image.default\">\n\t\t\t\t<div class=\"elementor-widget-container\">\n\t\t\t\t\t\t\t\t<div class=\"elementor-image\">\n\t\t\t\t\t\t\t\t\t\t\t\t<img width=\"924\" height=\"1024\" src=\"http:\/\/www.firenzecorp.com\/web\/wp-content\/uploads\/2020\/07\/PISCINA-924x1024.jpg\" class=\"attachment-large size-large wp-image-6053\" alt=\"\" loading=\"lazy\" \/>\t\t\t\t\t\t\t\t\t\t\t\t\t\t<\/div>\n\t\t\t\t\t\t<\/div>\n\t\t\t\t<\/div>\n\t\t\t\t\t\t<\/div>\n\t\t\t\t\t<\/div>\n\t\t<\/div>\n\t\t\t\t<div class=\"elementor-column elementor-col-50 elementor-top-column elementor-element elementor-element-771d666\" data-id=\"771d666\" data-element_type=\"column\">\n\t\t\t<div class=\"elementor-column-wrap elementor-element-populated\">\n\t\t\t\t\t\t\t<div class=\"elementor-widget-wrap\">\n\t\t\t\t\t\t<div class=\"elementor-element elementor-element-139e7b3 elementor-widget elementor-widget-text-editor\" data-id=\"139e7b3\" data-element_type=\"widget\" data-widget_type=\"text-editor.default\">\n\t\t\t\t<div class=\"elementor-widget-container\">\n\t\t\t\t\t\t\t\t<div class=\"elementor-text-editor elementor-clearfix\">\n\t\t\t\t<p style=\"text-align: justify;\">M<span style=\"text-align: left;\">MALLAS DE PISCINAS<\/span><\/p><p>Mosaico artesanal de 100% vidrio decorado en un tono azul claro, transmite tranquilidad y frescura a los espacios. <br \/>Ideal para instalarse en zonas h\u00famedas , paredes de piscinas, fuentes. Ofrece versatilidad para ser instalado en<br \/>\u00e1reas planas e irregulares. Permite modularse. Formato recto .<\/p>\t\t\t\t\t<\/div>\n\t\t\t\t\t\t<\/div>\n\t\t\t\t<\/div>\n\t\t\t\t\t\t<\/div>\n\t\t\t\t\t<\/div>\n\t\t<\/div>\n\t\t\t\t\t\t\t\t<\/div>\n\t\t\t\t\t<\/div>\n\t\t<\/section>\n\t\t\t\t<section class=\"elementor-section elementor-top-section elementor-element elementor-element-2d47286 elementor-section-boxed elementor-section-height-default elementor-section-height-default\" data-id=\"2d47286\" data-element_type=\"section\">\n\t\t\t\t\t\t<div class=\"elementor-container elementor-column-gap-default\">\n\t\t\t\t\t\t\t<div class=\"elementor-row\">\n\t\t\t\t\t<div class=\"elementor-column elementor-col-100 elementor-top-column elementor-element elementor-element-5be02e1\" data-id=\"5be02e1\" data-element_type=\"column\">\n\t\t\t<div class=\"elementor-column-wrap elementor-element-populated\">\n\t\t\t\t\t\t\t<div class=\"elementor-widget-wrap\">\n\t\t\t\t\t\t<div class=\"elementor-element elementor-element-314d154 elementor-arrows-position-inside elementor-pagination-position-outside elementor-widget elementor-widget-image-carousel\" data-id=\"314d154\" data-element_type=\"widget\" data-settings=\"{&quot;navigation&quot;:&quot;both&quot;,&quot;autoplay&quot;:&quot;yes&quot;,&quot;pause_on_hover&quot;:&quot;yes&quot;,&quot;pause_on_interaction&quot;:&quot;yes&quot;,&quot;autoplay_speed&quot;:5000,&quot;infinite&quot;:&quot;yes&quot;,&quot;speed&quot;:500,&quot;image_spacing_custom&quot;:{&quot;unit&quot;:&quot;px&quot;,&quot;size&quot;:20,&quot;sizes&quot;:[]},&quot;image_spacing_custom_tablet&quot;:{&quot;unit&quot;:&quot;px&quot;,&quot;size&quot;:&quot;&quot;,&quot;sizes&quot;:[]},&quot;image_spacing_custom_mobile&quot;:{&quot;unit&quot;:&quot;px&quot;,&quot;size&quot;:&quot;&quot;,&quot;sizes&quot;:[]}}\" data-widget_type=\"image-carousel.default\">\n\t\t\t\t<div class=\"elementor-widget-container\">\n\t\t\t\t\t<div class=\"elementor-image-carousel-wrapper swiper-container\" dir=\"ltr\">\n\t\t\t<div class=\"elementor-image-carousel swiper-wrapper\">\n\t\t\t\t\t\t\t\t<div class=\"swiper-slide\"><figure class=\"swiper-slide-inner\"><img class=\"swiper-slide-image\" src=\"http:\/\/www.firenzecorp.com\/web\/wp-content\/uploads\/2020\/07\/PISCINA.jpg\" alt=\"PISCINA\" \/><\/figure><\/div><div class=\"swiper-slide\"><figure class=\"swiper-slide-inner\"><img class=\"swiper-slide-image\" src=\"http:\/\/www.firenzecorp.com\/web\/wp-content\/uploads\/2020\/07\/decorgres-sa.jpg\" alt=\"decorgres s,a\" \/><\/figure><\/div><div class=\"swiper-slide\"><figure class=\"swiper-slide-inner\"><img class=\"swiper-slide-image\" src=\"http:\/\/www.firenzecorp.com\/web\/wp-content\/uploads\/2020\/07\/1111-1.jpg\" alt=\"1111\" \/><\/figure><\/div><div class=\"swiper-slide\"><figure class=\"swiper-slide-inner\"><img class=\"swiper-slide-image\" src=\"http:\/\/www.firenzecorp.com\/web\/wp-content\/uploads\/2020\/07\/TG4RGTF34TG.jpg\" alt=\"TG4RGTF34TG\" \/><\/figure><\/div><div class=\"swiper-slide\"><figure class=\"swiper-slide-inner\"><img class=\"swiper-slide-image\" src=\"http:\/\/www.firenzecorp.com\/web\/wp-content\/uploads\/2020\/07\/SDCFSD.jpg\" alt=\"SDCFSD\" \/><\/figure><\/div>\t\t\t<\/div>\n\t\t\t\t\t\t\t\t\t\t\t\t<div class=\"swiper-pagination\"><\/div>\n\t\t\t\t\t\t\t\t\t\t\t\t\t<div class=\"elementor-swiper-button elementor-swiper-button-prev\">\n\t\t\t\t\t\t<i aria-hidden=\"true\" class=\"eicon-chevron-left\"><\/i>\t\t\t\t\t\t<span class=\"elementor-screen-only\">Anterior<\/span>\n\t\t\t\t\t<\/div>\n\t\t\t\t\t<div class=\"elementor-swiper-button elementor-swiper-button-next\">\n\t\t\t\t\t\t<i aria-hidden=\"true\" class=\"eicon-chevron-right\"><\/i>\t\t\t\t\t\t<span class=\"elementor-screen-only\">Siguiente<\/span>\n\t\t\t\t\t<\/div>\n\t\t\t\t\t\t\t\t\t<\/div>\n\t\t\t\t<\/div>\n\t\t\t\t<\/div>\n\t\t\t\t\t\t<\/div>\n\t\t\t\t\t<\/div>\n\t\t<\/div>\n\t\t\t\t\t\t\t\t<\/div>\n\t\t\t\t\t<\/div>\n\t\t<\/section>\n\t\t\t\t\t\t\t\t\t<\/div>\n\t\t\t<\/div>\n\t\t\t\t\t<\/div>\n\t\t","protected":false},"excerpt":{"rendered":"<p>MOSAICOS \u00abMALLAS\u00bb Mosaico con mezcla de materiales y piezas multiformato de piedras naturales, efectos en cer\u00e1mica, piezas met\u00e1licos y vidrio estructurado. Mosaico enriquecido en brillo con acabados met\u00e1licos planos y estructurados, y contraste de acabados mate dado por las piedras naturales, brindando un mayor dinamismo en un acabado mate brillante. Formato recto que ofrece versatilidad&hellip; <br \/> <a class=\"read-more\" href=\"http:\/\/www.firenzecorp.com\/web\/mosaicos\/\">Leer m\u00e1s<\/a><\/p>\n","protected":false},"author":2,"featured_media":0,"parent":0,"menu_order":3,"comment_status":"closed","ping_status":"closed","template":"","meta":{"ngg_post_thumbnail":0},"_links":{"self":[{"href":"http:\/\/www.firenzecorp.com\/web\/wp-json\/wp\/v2\/pages\/6043"}],"collection":[{"href":"http:\/\/www.firenzecorp.com\/web\/wp-json\/wp\/v2\/pages"}],"about":[{"href":"http:\/\/www.firenzecorp.com\/web\/wp-json\/wp\/v2\/types\/page"}],"author":[{"embeddable":true,"href":"http:\/\/www.firenzecorp.com\/web\/wp-json\/wp\/v2\/users\/2"}],"replies":[{"embeddable":true,"href":"http:\/\/www.firenzecorp.com\/web\/wp-json\/wp\/v2\/comments?post=6043"}],"version-history":[{"count":5,"href":"http:\/\/www.firenzecorp.com\/web\/wp-json\/wp\/v2\/pages\/6043\/revisions"}],"predecessor-version":[{"id":6207,"href":"http:\/\/www.firenzecorp.com\/web\/wp-json\/wp\/v2\/pages\/6043\/revisions\/6207"}],"wp:attachment":[{"href":"http:\/\/www.firenzecorp.com\/web\/wp-json\/wp\/v2\/media?parent=6043"}],"curies":[{"name":"wp","href":"https:\/\/api.w.org\/{rel}","templated":true}]}}